{"id":542,"date":"2022-02-21T13:35:12","date_gmt":"2022-02-21T10:35:12","guid":{"rendered":"http:\/\/tarexsystem.com\/?page_id=542"},"modified":"2022-03-18T17:08:43","modified_gmt":"2022-03-18T14:08:43","slug":"tarex-web","status":"publish","type":"page","link":"http:\/\/tarexsystem.com\/index.php\/tarex-web\/","title":{"rendered":"Tarex Web"},"content":{"rendered":"\t\t<div data-elementor-type=\"wp-page\" data-elementor-id=\"542\" class=\"elementor elementor-542\" data-elementor-settings=\"[]\">\n\t\t\t\t\t\t\t<div class=\"elementor-section-wrap\">\n\t\t\t\t\t\t\t<section data-marvy_enable_drop_animation=\"false\" data-marvy_enable_fancy_rotate=\"false\" data-marvy_enable_flying_object=\"false\" data-marvy_enable_ripples_animation=\"false\" data-marvy_enable_waves_animation=\"false\" data-marvy_enable_rings_animation=\"false\" data-marvy_enable_topology_animation=\"false\" data-marvy_enable_gradient_animation=\"false\" data-marvy_enable_snow_animation=\"false\" data-marvy_enable_firework_animation=\"false\" data-particle_enable=\"false\" data-particle-mobile-disabled=\"false\" class=\"elementor-section elementor-top-section elementor-element elementor-element-5e579b3 elementor-section-boxed elementor-section-height-default elementor-section-height-default\" data-id=\"5e579b3\" data-element_type=\"section\">\n\t\t\t\t\t\t<div class=\"elementor-container elementor-column-gap-default\">\n\t\t\t\t\t<div class=\"elementor-column elementor-col-50 elementor-top-column elementor-element elementor-element-0cc10ec\" data-id=\"0cc10ec\" data-element_type=\"column\">\n\t\t\t<div class=\"elementor-widget-wrap elementor-element-populated\">\n\t\t\t\t\t\t\t\t<div class=\"elementor-element elementor-element-9906e3c elementor-widget elementor-widget-image\" data-id=\"9906e3c\" data-element_type=\"widget\" data-widget_type=\"image.default\">\n\t\t\t\t<div class=\"elementor-widget-container\">\n\t\t\t\t\t\t\t\t\t\t\t\t\t\t\t<img loading=\"lazy\" decoding=\"async\" width=\"402\" height=\"333\" src=\"http:\/\/tarexsystem.com\/wp-content\/uploads\/2021\/11\/ortawebx.png\" class=\"attachment-large size-large\" alt=\"\" srcset=\"http:\/\/tarexsystem.com\/wp-content\/uploads\/2021\/11\/ortawebx.png 402w, http:\/\/tarexsystem.com\/wp-content\/uploads\/2021\/11\/ortawebx-300x249.png 300w\" sizes=\"auto, (max-width: 402px) 100vw, 402px\" \/>\t\t\t\t\t\t\t\t\t\t\t\t\t\t\t<\/div>\n\t\t\t\t<\/div>\n\t\t\t\t\t<\/div>\n\t\t<\/div>\n\t\t\t\t<div class=\"elementor-column elementor-col-50 elementor-top-column elementor-element elementor-element-77620fc\" data-id=\"77620fc\" data-element_type=\"column\">\n\t\t\t<div class=\"elementor-widget-wrap elementor-element-populated\">\n\t\t\t\t\t\t\t\t<section data-marvy_enable_drop_animation=\"false\" data-marvy_enable_fancy_rotate=\"false\" data-marvy_enable_flying_object=\"false\" data-marvy_enable_ripples_animation=\"false\" data-marvy_enable_waves_animation=\"false\" data-marvy_enable_rings_animation=\"false\" data-marvy_enable_topology_animation=\"false\" data-marvy_enable_gradient_animation=\"false\" data-marvy_enable_snow_animation=\"false\" data-marvy_enable_firework_animation=\"false\" data-particle_enable=\"false\" data-particle-mobile-disabled=\"false\" class=\"elementor-section elementor-inner-section elementor-element elementor-element-d7f6069 elementor-section-boxed elementor-section-height-default elementor-section-height-default\" data-id=\"d7f6069\" data-element_type=\"section\">\n\t\t\t\t\t\t<div class=\"elementor-container elementor-column-gap-default\">\n\t\t\t\t\t<div class=\"elementor-column elementor-col-100 elementor-inner-column elementor-element elementor-element-8731de7\" data-id=\"8731de7\" data-element_type=\"column\">\n\t\t\t<div class=\"elementor-widget-wrap elementor-element-populated\">\n\t\t\t\t\t\t\t\t<div class=\"elementor-element elementor-element-0eee8af elementor-widget elementor-widget-text-editor\" data-id=\"0eee8af\" data-element_type=\"widget\" data-widget_type=\"text-editor.default\">\n\t\t\t\t<div class=\"elementor-widget-container\">\n\t\t\t\t\t\t\t<strong><b><span style=\"color: #000000; font-family: Stardos Stencil; font-size: 70px;\">TAREX\u00a0<\/span><\/b><\/strong><span style=\"color: #000000; font-family: Arial; font-size: 50px;\">Web<\/span>\t\t\t\t\t\t<\/div>\n\t\t\t\t<\/div>\n\t\t\t\t\t<\/div>\n\t\t<\/div>\n\t\t\t\t\t\t\t<\/div>\n\t\t<\/section>\n\t\t\t\t<div class=\"elementor-element elementor-element-126bfb1 elementor-widget elementor-widget-text-editor\" data-id=\"126bfb1\" data-element_type=\"widget\" data-widget_type=\"text-editor.default\">\n\t\t\t\t<div class=\"elementor-widget-container\">\n\t\t\t\t\t\t\t<h6><span style=\"color: #000000;\"><span class=\"dorner-product-name\"><strong>Tarex Web<\/strong><\/span> , web \u00fczerinde ek ve tamamen ba\u011f\u0131ms\u0131z bir i\u015f istasyonu sunar. Di\u011fer \u015feylerin yan\u0131 s\u0131ra, sadece kendi ekran\u0131n\u0131 g\u00f6rmeye devam eden kar\u0131\u015f\u0131m s\u00fcperviz\u00f6r\u00fcn\u00fcn i\u015fini bozmadan \u00e7e\u015fitli veriler tutulabilir, sipari\u015fler girilebilir ve raporlar g\u00f6r\u00fcnt\u00fclenebilir.<\/span><\/h6><h6><span style=\"color: #000000;\">Sistemler aras\u0131ndaki ileti\u015fim \u015fifreli ve g\u00fcvenlidir ve internet \u00fczerinden oldu\u011fu kadar bir a\u011f i\u00e7inde de ger\u00e7ekle\u015febilir.\u00a0Ba\u011flant\u0131 s\u0131n\u0131rlamas\u0131 yoktur.<\/span><\/h6><h5><span style=\"color: #000000;\"><span class=\"dorner-product-name\"><strong>Tarex Web<\/strong><\/span> \u00a0a\u015fa\u011f\u0131daki gibi kullan\u0131labilir:<\/span><\/h5><ul><li style=\"list-style-type: none;\"><ul><li><h6><span style=\"color: #000000;\">Devam eden s\u00fcre\u00e7 \u00fczerinde hi\u00e7bir etkisi olmayan saf bir veri giri\u015f formu olarak<\/span><\/h6><\/li><li><h6><span style=\"color: #000000;\">B\u00fct\u00fcnsel: tam ekran kopyalan\u0131r.\u00a0Mikser ve tart\u0131 a\u00e7ma gibi tehlikeli m\u00fcdahaleler engellenir<\/span><\/h6><\/li><li><h6><span style=\"color: #000000;\">Tam Kontrol: t\u00fcm haklara sahip s\u0131n\u0131rs\u0131z kontrol<\/span><\/h6><\/li><\/ul><\/li><\/ul><h5><span style=\"color: #000000;\"><strong>Bir bak\u0131\u015fta avantajlar:<\/strong><\/span><\/h5><ul><li style=\"list-style-type: none;\"><ul><li><h6><span style=\"color: #000000;\">Ba\u011f\u0131ms\u0131z i\u015f istasyonlar\u0131<\/span><\/h6><\/li><li><h6><span style=\"color: #000000;\">Ba\u011f\u0131ms\u0131z g\u00f6r\u00fcn\u00fcmler<\/span><\/h6><\/li><li><h6><span style=\"color: #000000;\">Di\u011fer kullan\u0131c\u0131dan m\u00fcdahale yok<\/span><\/h6><\/li><\/ul><\/li><\/ul>\t\t\t\t\t\t<\/div>\n\t\t\t\t<\/div>\n\t\t\t\t\t<\/div>\n\t\t<\/div>\n\t\t\t\t\t\t\t<\/div>\n\t\t<\/section>\n\t\t\t\t<section data-marvy_enable_drop_animation=\"false\" data-marvy_enable_fancy_rotate=\"false\" data-marvy_enable_flying_object=\"false\" data-marvy_enable_ripples_animation=\"false\" data-marvy_enable_waves_animation=\"false\" data-marvy_enable_rings_animation=\"false\" data-marvy_enable_topology_animation=\"false\" data-marvy_enable_gradient_animation=\"false\" data-marvy_enable_snow_animation=\"false\" data-marvy_enable_firework_animation=\"false\" data-particle_enable=\"false\" data-particle-mobile-disabled=\"false\" class=\"elementor-section elementor-top-section elementor-element elementor-element-791557d elementor-section-boxed elementor-section-height-default elementor-section-height-default\" data-id=\"791557d\" data-element_type=\"section\">\n\t\t\t\t\t\t<div class=\"elementor-container elementor-column-gap-default\">\n\t\t\t\t\t<div class=\"elementor-column elementor-col-100 elementor-top-column elementor-element elementor-element-6731f93\" data-id=\"6731f93\" data-element_type=\"column\">\n\t\t\t<div class=\"elementor-widget-wrap elementor-element-populated\">\n\t\t\t\t\t\t\t\t<div class=\"elementor-element elementor-element-b981ac7 elementor-widget elementor-widget-heading\" data-id=\"b981ac7\" data-element_type=\"widget\" data-widget_type=\"heading.default\">\n\t\t\t\t<div class=\"elementor-widget-container\">\n\t\t\t<h3 class=\"elementor-heading-title elementor-size-small\">\u00d6zellikler<\/h3>\t\t<\/div>\n\t\t\t\t<\/div>\n\t\t\t\t<div class=\"elementor-element elementor-element-8ef1512 elementor-widget-divider--view-line elementor-widget elementor-widget-divider\" data-id=\"8ef1512\" data-element_type=\"widget\" data-widget_type=\"divider.default\">\n\t\t\t\t<div class=\"elementor-widget-container\">\n\t\t\t\t\t<div class=\"elementor-divider\">\n\t\t\t<span class=\"elementor-divider-separator\">\n\t\t\t\t\t\t<\/span>\n\t\t<\/div>\n\t\t\t\t<\/div>\n\t\t\t\t<\/div>\n\t\t\t\t\t<\/div>\n\t\t<\/div>\n\t\t\t\t\t\t\t<\/div>\n\t\t<\/section>\n\t\t\t\t<section data-marvy_enable_drop_animation=\"false\" data-marvy_enable_fancy_rotate=\"false\" data-marvy_enable_flying_object=\"false\" data-marvy_enable_ripples_animation=\"false\" data-marvy_enable_waves_animation=\"false\" data-marvy_enable_rings_animation=\"false\" data-marvy_enable_topology_animation=\"false\" data-marvy_enable_gradient_animation=\"false\" data-marvy_enable_snow_animation=\"false\" data-marvy_enable_firework_animation=\"false\" data-particle_enable=\"false\" data-particle-mobile-disabled=\"false\" class=\"elementor-section elementor-top-section elementor-element elementor-element-49e2496 elementor-section-boxed elementor-section-height-default elementor-section-height-default\" data-id=\"49e2496\" data-element_type=\"section\">\n\t\t\t\t\t\t<div class=\"elementor-container elementor-column-gap-default\">\n\t\t\t\t\t<div class=\"elementor-column elementor-col-100 elementor-top-column elementor-element elementor-element-9afba34\" data-id=\"9afba34\" data-element_type=\"column\">\n\t\t\t<div class=\"elementor-widget-wrap elementor-element-populated\">\n\t\t\t\t\t\t\t\t<section data-marvy_enable_drop_animation=\"false\" data-marvy_enable_fancy_rotate=\"false\" data-marvy_enable_flying_object=\"false\" data-marvy_enable_ripples_animation=\"false\" data-marvy_enable_waves_animation=\"false\" data-marvy_enable_rings_animation=\"false\" data-marvy_enable_topology_animation=\"false\" data-marvy_enable_gradient_animation=\"false\" data-marvy_enable_snow_animation=\"false\" data-marvy_enable_firework_animation=\"false\" data-particle_enable=\"false\" data-particle-mobile-disabled=\"false\" class=\"elementor-section elementor-inner-section elementor-element elementor-element-a567187 elementor-section-boxed elementor-section-height-default elementor-section-height-default\" data-id=\"a567187\" data-element_type=\"section\">\n\t\t\t\t\t\t<div class=\"elementor-container elementor-column-gap-default\">\n\t\t\t\t\t<div class=\"elementor-column elementor-col-20 elementor-inner-column elementor-element elementor-element-43bda55\" data-id=\"43bda55\" data-element_type=\"column\">\n\t\t\t<div class=\"elementor-widget-wrap elementor-element-populated\">\n\t\t\t\t\t\t\t\t<div class=\"elementor-element elementor-element-bf8ffab elementor-position-top elementor-vertical-align-top elementor-widget elementor-widget-image-box\" data-id=\"bf8ffab\" data-element_type=\"widget\" data-widget_type=\"image-box.default\">\n\t\t\t\t<div class=\"elementor-widget-container\">\n\t\t\t<div class=\"elementor-image-box-wrapper\"><figure class=\"elementor-image-box-img\"><img loading=\"lazy\" decoding=\"async\" width=\"239\" height=\"211\" src=\"http:\/\/tarexsystem.com\/wp-content\/uploads\/2022\/03\/multiUser.png\" class=\"attachment-full size-full\" alt=\"\" \/><\/figure><div class=\"elementor-image-box-content\"><h3 class=\"elementor-image-box-title\">\u00c7oklu Kullan\u0131c\u0131<\/h3><p class=\"elementor-image-box-description\">\u00c7oklu kullan\u0131c\u0131 ile web ortam\u0131nda kontrol ve y\u00f6netim<\/p><\/div><\/div>\t\t<\/div>\n\t\t\t\t<\/div>\n\t\t\t\t\t<\/div>\n\t\t<\/div>\n\t\t\t\t<div class=\"elementor-column elementor-col-20 elementor-inner-column elementor-element elementor-element-75351f1\" data-id=\"75351f1\" data-element_type=\"column\">\n\t\t\t<div class=\"elementor-widget-wrap elementor-element-populated\">\n\t\t\t\t\t\t\t\t<div class=\"elementor-element elementor-element-493e910 elementor-position-top elementor-vertical-align-top elementor-widget elementor-widget-image-box\" data-id=\"493e910\" data-element_type=\"widget\" data-widget_type=\"image-box.default\">\n\t\t\t\t<div class=\"elementor-widget-container\">\n\t\t\t<div class=\"elementor-image-box-wrapper\"><figure class=\"elementor-image-box-img\"><img loading=\"lazy\" decoding=\"async\" width=\"189\" height=\"189\" src=\"http:\/\/tarexsystem.com\/wp-content\/uploads\/2022\/03\/multi_paltform.png\" class=\"attachment-full size-full\" alt=\"\" \/><\/figure><div class=\"elementor-image-box-content\"><h3 class=\"elementor-image-box-title\">\u00c7oklu Platform<\/h3><p class=\"elementor-image-box-description\">PC, Tablet, Telefon gibi cihazlara uyumludur.<\/p><\/div><\/div>\t\t<\/div>\n\t\t\t\t<\/div>\n\t\t\t\t\t<\/div>\n\t\t<\/div>\n\t\t\t\t<div class=\"elementor-column elementor-col-20 elementor-inner-column elementor-element elementor-element-eab3ada\" data-id=\"eab3ada\" data-element_type=\"column\">\n\t\t\t<div class=\"elementor-widget-wrap elementor-element-populated\">\n\t\t\t\t\t\t\t\t<div class=\"elementor-element elementor-element-3a00213 elementor-position-top elementor-vertical-align-top elementor-widget elementor-widget-image-box\" data-id=\"3a00213\" data-element_type=\"widget\" data-widget_type=\"image-box.default\">\n\t\t\t\t<div class=\"elementor-widget-container\">\n\t\t\t<div class=\"elementor-image-box-wrapper\"><figure class=\"elementor-image-box-img\"><img loading=\"lazy\" decoding=\"async\" width=\"400\" height=\"320\" src=\"http:\/\/tarexsystem.com\/wp-content\/uploads\/2022\/03\/reporting-png-6.png\" class=\"attachment-full size-full\" alt=\"\" \/><\/figure><div class=\"elementor-image-box-content\"><h3 class=\"elementor-image-box-title\">Raporlama<\/h3><p class=\"elementor-image-box-description\">Anl\u0131k ve ge\u00e7mi\u015fe day\u0131l\u0131 raporlama<\/p><\/div><\/div>\t\t<\/div>\n\t\t\t\t<\/div>\n\t\t\t\t\t<\/div>\n\t\t<\/div>\n\t\t\t\t<div class=\"elementor-column elementor-col-20 elementor-inner-column elementor-element elementor-element-615b636\" data-id=\"615b636\" data-element_type=\"column\">\n\t\t\t<div class=\"elementor-widget-wrap elementor-element-populated\">\n\t\t\t\t\t\t\t\t<div class=\"elementor-element elementor-element-1a1b447 elementor-position-top elementor-vertical-align-top elementor-widget elementor-widget-image-box\" data-id=\"1a1b447\" data-element_type=\"widget\" data-widget_type=\"image-box.default\">\n\t\t\t\t<div class=\"elementor-widget-container\">\n\t\t\t<div class=\"elementor-image-box-wrapper\"><figure class=\"elementor-image-box-img\"><img loading=\"lazy\" decoding=\"async\" width=\"500\" height=\"375\" src=\"http:\/\/tarexsystem.com\/wp-content\/uploads\/2022\/03\/calendar-schedule-png-2-Images-Free-Transparent.png\" class=\"attachment-full size-full\" alt=\"\" \/><\/figure><div class=\"elementor-image-box-content\"><h3 class=\"elementor-image-box-title\">Sipari\u015f<\/h3><p class=\"elementor-image-box-description\">Sipari\u015f ve \u00fcretim giri\u015fleri<\/p><\/div><\/div>\t\t<\/div>\n\t\t\t\t<\/div>\n\t\t\t\t\t<\/div>\n\t\t<\/div>\n\t\t\t\t<div class=\"elementor-column elementor-col-20 elementor-inner-column elementor-element elementor-element-b27255d\" data-id=\"b27255d\" data-element_type=\"column\">\n\t\t\t<div class=\"elementor-widget-wrap elementor-element-populated\">\n\t\t\t\t\t\t\t\t<div class=\"elementor-element elementor-element-ac78700 elementor-position-top elementor-vertical-align-top elementor-widget elementor-widget-image-box\" data-id=\"ac78700\" data-element_type=\"widget\" data-widget_type=\"image-box.default\">\n\t\t\t\t<div class=\"elementor-widget-container\">\n\t\t\t<div class=\"elementor-image-box-wrapper\"><figure class=\"elementor-image-box-img\"><img loading=\"lazy\" decoding=\"async\" width=\"467\" height=\"459\" src=\"http:\/\/tarexsystem.com\/wp-content\/uploads\/2022\/03\/maliyetpng.png\" class=\"attachment-full size-full\" alt=\"\" \/><\/figure><div class=\"elementor-image-box-content\"><h3 class=\"elementor-image-box-title\">Maliyet<\/h3><p class=\"elementor-image-box-description\">\u00dcretim stok giri\u015fi ve t\u00fcketim raporlar\u0131 ile maliyet hesaplamalar\u0131<\/p><\/div><\/div>\t\t<\/div>\n\t\t\t\t<\/div>\n\t\t\t\t\t<\/div>\n\t\t<\/div>\n\t\t\t\t\t\t\t<\/div>\n\t\t<\/section>\n\t\t\t\t<div class=\"elementor-element elementor-element-417153f elementor-aspect-ratio-169 elementor-widget elementor-widget-video\" data-id=\"417153f\" data-element_type=\"widget\" data-settings=\"{&quot;youtube_url&quot;:&quot;https:\\\/\\\/www.youtube.com\\\/watch?v=aorc5xdhXf0&amp;t=39s&quot;,&quot;video_type&quot;:&quot;youtube&quot;,&quot;controls&quot;:&quot;yes&quot;,&quot;aspect_ratio&quot;:&quot;169&quot;}\" data-widget_type=\"video.default\">\n\t\t\t\t<div class=\"elementor-widget-container\">\n\t\t\t\t\t<div class=\"elementor-wrapper elementor-fit-aspect-ratio elementor-open-inline\">\n\t\t\t<div class=\"elementor-video\"><\/div>\t\t<\/div>\n\t\t\t\t<\/div>\n\t\t\t\t<\/div>\n\t\t\t\t\t<\/div>\n\t\t<\/div>\n\t\t\t\t\t\t\t<\/div>\n\t\t<\/section>\n\t\t\t\t\t\t<\/div>\n\t\t\t\t\t<\/div>\n\t\t","protected":false},"excerpt":{"rendered":"<p>TAREX\u00a0Web Tarex Web , web \u00fczerinde ek ve tamamen ba\u011f\u0131ms\u0131z bir i\u015f istasyonu sunar. Di\u011fer \u015feylerin yan\u0131 s\u0131ra, sadece kendi ekran\u0131n\u0131 g\u00f6rmeye devam eden kar\u0131\u015f\u0131m s\u00fcperviz\u00f6r\u00fcn\u00fcn i\u015fini bozmadan \u00e7e\u015fitli veriler tutulabilir, sipari\u015fler girilebilir ve raporlar g\u00f6r\u00fcnt\u00fclenebilir. Sistemler aras\u0131ndaki ileti\u015fim \u015fifreli ve g\u00fcvenlidir ve internet \u00fczerinden oldu\u011fu kadar bir a\u011f i\u00e7inde de ger\u00e7ekle\u015febilir.\u00a0Ba\u011flant\u0131 s\u0131n\u0131rlamas\u0131 yoktur. Tarex [&hellip;]<\/p>\n","protected":false},"author":1,"featured_media":0,"parent":0,"menu_order":0,"comment_status":"closed","ping_status":"closed","template":"elementor_header_footer","meta":{"footnotes":""},"class_list":["post-542","page","type-page","status-publish","hentry"],"_links":{"self":[{"href":"http:\/\/tarexsystem.com\/index.php\/wp-json\/wp\/v2\/pages\/542","targetHints":{"allow":["GET"]}}],"collection":[{"href":"http:\/\/tarexsystem.com\/index.php\/wp-json\/wp\/v2\/pages"}],"about":[{"href":"http:\/\/tarexsystem.com\/index.php\/wp-json\/wp\/v2\/types\/page"}],"author":[{"embeddable":true,"href":"http:\/\/tarexsystem.com\/index.php\/wp-json\/wp\/v2\/users\/1"}],"replies":[{"embeddable":true,"href":"http:\/\/tarexsystem.com\/index.php\/wp-json\/wp\/v2\/comments?post=542"}],"version-history":[{"count":0,"href":"http:\/\/tarexsystem.com\/index.php\/wp-json\/wp\/v2\/pages\/542\/revisions"}],"wp:attachment":[{"href":"http:\/\/tarexsystem.com\/index.php\/wp-json\/wp\/v2\/media?parent=542"}],"curies":[{"name":"wp","href":"https:\/\/api.w.org\/{rel}","templated":true}]}}