{"id":2260,"date":"2022-04-09T11:40:03","date_gmt":"2022-04-09T08:40:03","guid":{"rendered":"http:\/\/tarexsystem.com\/?page_id=2260"},"modified":"2022-04-09T11:48:15","modified_gmt":"2022-04-09T08:48:15","slug":"uretim-baslatma","status":"publish","type":"page","link":"http:\/\/tarexsystem.com\/index.php\/uretim-baslatma\/","title":{"rendered":"\u00dcretim Ba\u015flatma"},"content":{"rendered":"\t\t<div data-elementor-type=\"wp-page\" data-elementor-id=\"2260\" class=\"elementor elementor-2260\" data-elementor-settings=\"[]\">\n\t\t\t\t\t\t\t<div class=\"elementor-section-wrap\">\n\t\t\t\t\t\t\t<section data-marvy_enable_drop_animation=\"false\" data-marvy_enable_fancy_rotate=\"false\" data-marvy_enable_flying_object=\"false\" data-marvy_enable_ripples_animation=\"false\" data-marvy_enable_waves_animation=\"false\" data-marvy_enable_rings_animation=\"false\" data-marvy_enable_topology_animation=\"false\" data-marvy_enable_gradient_animation=\"false\" data-marvy_enable_snow_animation=\"false\" data-marvy_enable_firework_animation=\"false\" data-particle_enable=\"false\" data-particle-mobile-disabled=\"false\" class=\"elementor-section elementor-top-section elementor-element elementor-element-23b8f34 elementor-section-boxed elementor-section-height-default elementor-section-height-default\" data-id=\"23b8f34\" data-element_type=\"section\" data-settings=\"{&quot;background_background&quot;:&quot;classic&quot;}\">\n\t\t\t\t\t\t<div class=\"elementor-container elementor-column-gap-default\">\n\t\t\t\t\t<div class=\"elementor-column elementor-col-100 elementor-top-column elementor-element elementor-element-6de8faf\" data-id=\"6de8faf\" data-element_type=\"column\">\n\t\t\t<div class=\"elementor-widget-wrap elementor-element-populated\">\n\t\t\t\t\t\t\t\t\t<\/div>\n\t\t<\/div>\n\t\t\t\t\t\t\t<\/div>\n\t\t<\/section>\n\t\t\t\t<section data-marvy_enable_drop_animation=\"false\" data-marvy_enable_fancy_rotate=\"false\" data-marvy_enable_flying_object=\"false\" data-marvy_enable_ripples_animation=\"false\" data-marvy_enable_waves_animation=\"false\" data-marvy_enable_rings_animation=\"false\" data-marvy_enable_topology_animation=\"false\" data-marvy_enable_gradient_animation=\"false\" data-marvy_enable_snow_animation=\"false\" data-marvy_enable_firework_animation=\"false\" data-particle_enable=\"false\" data-particle-mobile-disabled=\"false\" class=\"elementor-section elementor-top-section elementor-element elementor-element-0992eb9 elementor-section-boxed elementor-section-height-default elementor-section-height-default\" data-id=\"0992eb9\" data-element_type=\"section\">\n\t\t\t\t\t\t<div class=\"elementor-container elementor-column-gap-default\">\n\t\t\t\t\t<div class=\"elementor-column elementor-col-100 elementor-top-column elementor-element elementor-element-edce4c8\" data-id=\"edce4c8\" data-element_type=\"column\">\n\t\t\t<div class=\"elementor-widget-wrap elementor-element-populated\">\n\t\t\t\t\t\t\t\t<div class=\"elementor-element elementor-element-6d30891 elementor-widget elementor-widget-eael-content-timeline\" data-id=\"6d30891\" data-element_type=\"widget\" data-widget_type=\"eael-content-timeline.default\">\n\t\t\t\t<div class=\"elementor-widget-container\">\n\t\t\t\n\t\t<div id=\"eael-content-timeline-6d30891\" class=\"content-timeline-layout-right date-position-inside\">\n\t\t\t<div class=\"eael-content-timeline-container\">\n\t\t\t\t<div class=\"eael-content-timeline-container\">\n\t\t\t\t\t\n\t\t\t\t\t\t\t\t\t\t\t\t\t\t\t\t\t\t\t\t<div class=\"eael-content-timeline-block\">\n\t\t\t\t\t\t\t\t<div class=\"eael-content-timeline-line\">\n\t\t\t\t\t\t\t\t\t<div class=\"eael-content-timeline-inner\"><\/div>\n\t\t\t\t\t\t\t\t<\/div>\n\t\t\t\t\t\t\t\t<div class=\"eael-content-timeline-img eael-picture \">\n\t\t\t\t\t\t\t\t\t\t\t\t\t\t\t\t\t\t\t\t\t\t\t\t\t\t\t\t\t\t\t\t\t\t\t\t\t\t\t\t\t\t\t\t\t\t\t\t\t\t\t<i class=\"fas fa-pencil-alt\"><\/i>\n\t\t\t\t\t\t\t\t\t\t\t\t\t\t\t\t\t\t\t\t\t\t\t\t\t\t\t\t\t\t\t\t\t\t\t\t\t\t<\/div>\n\n\t\t\t\t\t\t\t\t<div class=\"eael-content-timeline-content\">\n\t\t\t\t\t\t\t\t\t\t\t\t\t\t\t\t\t\t\t<h2 class=\"eael-timeline-title\">\n\t\t\t\t\t\t\t\t\t\t\t\t\t\t\t\t\t\t\t\t\t\t\t.\u00dcretim Ba\u015flatma\t\t\t\t\t\t\t\t\t\t\t\t\t\t\t\t\t\t\t\t\t\t<\/h2>\n\t\t\t\t\t\t\t\t\t\t\t\t\t\t\t\t\t\t\t\t\t\t\t\t\t\t\t\t<p><p>Yeni bir sipari\u015f giri\u015fi (\u00dcretim Sekmesi alt\u0131nda \u201cPlan Listesi\u201d ne gelin ve (+) butonuna bas\u0131n\u0131z)<\/p><p><img loading=\"lazy\" decoding=\"async\" class=\"alignnone size-full wp-image-2262\" src=\"http:\/\/tarexsystem.com\/wp-content\/uploads\/2022\/04\/Screenshot_74.png\" alt=\"\" width=\"687\" height=\"366\" srcset=\"http:\/\/tarexsystem.com\/wp-content\/uploads\/2022\/04\/Screenshot_74.png 687w, http:\/\/tarexsystem.com\/wp-content\/uploads\/2022\/04\/Screenshot_74-300x160.png 300w\" sizes=\"auto, (max-width: 687px) 100vw, 687px\" \/><\/p><p>\u00dcretim Listesinden \u00fcretilecek Ara\u00e7 Plaka ve \u00fcretilecek m3 se\u00e7imi.<br \/>\u00dcretim Listesinden (+) butonuna veya alt tarafta olu\u015fturulan sipari\u015fe \u00e7ift t\u0131klay\u0131n\u0131z.<\/p><p><img loading=\"lazy\" decoding=\"async\" class=\"alignnone size-full wp-image-2263\" src=\"http:\/\/tarexsystem.com\/wp-content\/uploads\/2022\/04\/Screenshot_75.png\" alt=\"\" width=\"677\" height=\"364\" srcset=\"http:\/\/tarexsystem.com\/wp-content\/uploads\/2022\/04\/Screenshot_75.png 677w, http:\/\/tarexsystem.com\/wp-content\/uploads\/2022\/04\/Screenshot_75-300x161.png 300w\" sizes=\"auto, (max-width: 677px) 100vw, 677px\" \/><\/p><p>Ara\u00e7 ve y\u00fck\u00fcnecek m3 se\u00e7ildikten sonra \u00dcretim Ba\u015flat butonuna Bas\u0131n\u0131z.<\/p><p><img loading=\"lazy\" decoding=\"async\" class=\"alignnone size-full wp-image-2264\" src=\"http:\/\/tarexsystem.com\/wp-content\/uploads\/2022\/04\/Screenshot_77.png\" alt=\"\" width=\"676\" height=\"366\" srcset=\"http:\/\/tarexsystem.com\/wp-content\/uploads\/2022\/04\/Screenshot_77.png 676w, http:\/\/tarexsystem.com\/wp-content\/uploads\/2022\/04\/Screenshot_77-300x162.png 300w\" sizes=\"auto, (max-width: 676px) 100vw, 676px\" \/><\/p><p>\u00dcretim Ba\u015flat\u0131ld\u0131<\/p><p><img loading=\"lazy\" decoding=\"async\" class=\"alignnone size-full wp-image-2265\" src=\"http:\/\/tarexsystem.com\/wp-content\/uploads\/2022\/04\/Screenshot_78.png\" alt=\"\" width=\"676\" height=\"367\" srcset=\"http:\/\/tarexsystem.com\/wp-content\/uploads\/2022\/04\/Screenshot_78.png 676w, http:\/\/tarexsystem.com\/wp-content\/uploads\/2022\/04\/Screenshot_78-300x163.png 300w\" sizes=\"auto, (max-width: 676px) 100vw, 676px\" \/><\/p><p><img loading=\"lazy\" decoding=\"async\" class=\"alignnone size-full wp-image-2266\" src=\"http:\/\/tarexsystem.com\/wp-content\/uploads\/2022\/04\/Screenshot_79.png\" alt=\"\" width=\"676\" height=\"364\" srcset=\"http:\/\/tarexsystem.com\/wp-content\/uploads\/2022\/04\/Screenshot_79.png 676w, http:\/\/tarexsystem.com\/wp-content\/uploads\/2022\/04\/Screenshot_79-300x162.png 300w\" sizes=\"auto, (max-width: 676px) 100vw, 676px\" \/><\/p><p><img loading=\"lazy\" decoding=\"async\" class=\"alignnone size-full wp-image-2267\" src=\"http:\/\/tarexsystem.com\/wp-content\/uploads\/2022\/04\/Screenshot_80.png\" alt=\"\" width=\"677\" height=\"364\" srcset=\"http:\/\/tarexsystem.com\/wp-content\/uploads\/2022\/04\/Screenshot_80.png 677w, http:\/\/tarexsystem.com\/wp-content\/uploads\/2022\/04\/Screenshot_80-300x161.png 300w\" sizes=\"auto, (max-width: 677px) 100vw, 677px\" \/><\/p><p><img loading=\"lazy\" decoding=\"async\" class=\"alignnone size-full wp-image-2268\" src=\"http:\/\/tarexsystem.com\/wp-content\/uploads\/2022\/04\/Screenshot_81.png\" alt=\"\" width=\"501\" height=\"490\" srcset=\"http:\/\/tarexsystem.com\/wp-content\/uploads\/2022\/04\/Screenshot_81.png 501w, http:\/\/tarexsystem.com\/wp-content\/uploads\/2022\/04\/Screenshot_81-300x293.png 300w\" sizes=\"auto, (max-width: 501px) 100vw, 501px\" \/><\/p><p><img loading=\"lazy\" decoding=\"async\" class=\"alignnone size-full wp-image-2269\" src=\"http:\/\/tarexsystem.com\/wp-content\/uploads\/2022\/04\/Screenshot_82.png\" alt=\"\" width=\"741\" height=\"399\" srcset=\"http:\/\/tarexsystem.com\/wp-content\/uploads\/2022\/04\/Screenshot_82.png 741w, http:\/\/tarexsystem.com\/wp-content\/uploads\/2022\/04\/Screenshot_82-300x162.png 300w\" sizes=\"auto, (max-width: 741px) 100vw, 741px\" \/><\/p><p><img loading=\"lazy\" decoding=\"async\" class=\"alignnone size-full wp-image-2270\" src=\"http:\/\/tarexsystem.com\/wp-content\/uploads\/2022\/04\/Screenshot_83.png\" alt=\"\" width=\"770\" height=\"447\" srcset=\"http:\/\/tarexsystem.com\/wp-content\/uploads\/2022\/04\/Screenshot_83.png 770w, http:\/\/tarexsystem.com\/wp-content\/uploads\/2022\/04\/Screenshot_83-300x174.png 300w, http:\/\/tarexsystem.com\/wp-content\/uploads\/2022\/04\/Screenshot_83-768x446.png 768w\" sizes=\"auto, (max-width: 770px) 100vw, 770px\" \/><\/p><\/p>\n\t\t\t\t\t\t\t\t\t\t\t\t\t\t\t\t\t\t\t\t\t\t\t\t\t\t\t\t\t\t\t\t\t\t\t\t\t<span class=\"eael-date\">9 Nisan 2022<\/span>\n\t\t\t\t\t\t\t\t\t\t\t\t\t\t\t\t\t<\/div>\n\t\t\t\t\t\t\t<\/div>\n\t\t\t\t\t\t\t\t\t\t\t\t\t\t\t<\/div>\n\t\t\t<\/div>\n\t\t<\/div>\n\n\t\t<\/div>\n\t\t\t\t<\/div>\n\t\t\t\t\t<\/div>\n\t\t<\/div>\n\t\t\t\t\t\t\t<\/div>\n\t\t<\/section>\n\t\t\t\t\t\t<\/div>\n\t\t\t\t\t<\/div>\n\t\t","protected":false},"excerpt":{"rendered":"<p>Kurulum SQL Kurulum SQL Ba\u011flant\u0131 \u0130lk Ayarlar Program Program Ayarlar\u0131 Malzeme Giri\u015fi Kantar Ayarlar\u0131 Silolar\u0131 Tan\u0131mlama M\u00fc\u015fteri Giri\u015fi Re\u00e7ete Giri\u015fi Stok Giri\u015fi Tan\u0131mlanmalar Sipari\u015f Giri\u015fi \u00dcretim Giri\u015fi \u00dcretim \u00dcretim Ba\u015flatma \u00dcretim Olas\u0131l\u0131klar\u0131 \u00dcretim \u0130ptali Raporlar \u0130rsaliye Dizayn Rapor Alma PDF \/ TR PDF \/ EN .\u00dcretim Ba\u015flatma Yeni bir sipari\u015f giri\u015fi (\u00dcretim Sekmesi alt\u0131nda \u201cPlan [&hellip;]<\/p>\n","protected":false},"author":1,"featured_media":0,"parent":0,"menu_order":0,"comment_status":"closed","ping_status":"closed","template":"elementor_header_footer","meta":{"footnotes":""},"class_list":["post-2260","page","type-page","status-publish","hentry"],"_links":{"self":[{"href":"http:\/\/tarexsystem.com\/index.php\/wp-json\/wp\/v2\/pages\/2260","targetHints":{"allow":["GET"]}}],"collection":[{"href":"http:\/\/tarexsystem.com\/index.php\/wp-json\/wp\/v2\/pages"}],"about":[{"href":"http:\/\/tarexsystem.com\/index.php\/wp-json\/wp\/v2\/types\/page"}],"author":[{"embeddable":true,"href":"http:\/\/tarexsystem.com\/index.php\/wp-json\/wp\/v2\/users\/1"}],"replies":[{"embeddable":true,"href":"http:\/\/tarexsystem.com\/index.php\/wp-json\/wp\/v2\/comments?post=2260"}],"version-history":[{"count":0,"href":"http:\/\/tarexsystem.com\/index.php\/wp-json\/wp\/v2\/pages\/2260\/revisions"}],"wp:attachment":[{"href":"http:\/\/tarexsystem.com\/index.php\/wp-json\/wp\/v2\/media?parent=2260"}],"curies":[{"name":"wp","href":"https:\/\/api.w.org\/{rel}","templated":true}]}}