{"id":2123,"date":"2022-04-09T10:37:26","date_gmt":"2022-04-09T07:37:26","guid":{"rendered":"http:\/\/tarexsystem.com\/?page_id=2123"},"modified":"2022-04-09T11:00:15","modified_gmt":"2022-04-09T08:00:15","slug":"sql-server-express-ile-tarex-system-baglanti","status":"publish","type":"page","link":"http:\/\/tarexsystem.com\/index.php\/sql-server-express-ile-tarex-system-baglanti\/","title":{"rendered":"SQL Server Express ile Tarex System Ba\u011flant\u0131 Olu\u015fturma"},"content":{"rendered":"\t\t<div data-elementor-type=\"wp-page\" data-elementor-id=\"2123\" class=\"elementor elementor-2123\" data-elementor-settings=\"[]\">\n\t\t\t\t\t\t\t<div class=\"elementor-section-wrap\">\n\t\t\t\t\t\t\t<section data-marvy_enable_drop_animation=\"false\" data-marvy_enable_fancy_rotate=\"false\" data-marvy_enable_flying_object=\"false\" data-marvy_enable_ripples_animation=\"false\" data-marvy_enable_waves_animation=\"false\" data-marvy_enable_rings_animation=\"false\" data-marvy_enable_topology_animation=\"false\" data-marvy_enable_gradient_animation=\"false\" data-marvy_enable_snow_animation=\"false\" data-marvy_enable_firework_animation=\"false\" data-particle_enable=\"false\" data-particle-mobile-disabled=\"false\" class=\"elementor-section elementor-top-section elementor-element elementor-element-23b8f34 elementor-section-boxed elementor-section-height-default elementor-section-height-default\" data-id=\"23b8f34\" data-element_type=\"section\" data-settings=\"{&quot;background_background&quot;:&quot;classic&quot;}\">\n\t\t\t\t\t\t<div class=\"elementor-container elementor-column-gap-default\">\n\t\t\t\t\t<div class=\"elementor-column elementor-col-100 elementor-top-column elementor-element elementor-element-6de8faf\" data-id=\"6de8faf\" data-element_type=\"column\">\n\t\t\t<div class=\"elementor-widget-wrap elementor-element-populated\">\n\t\t\t\t\t\t\t\t\t<\/div>\n\t\t<\/div>\n\t\t\t\t\t\t\t<\/div>\n\t\t<\/section>\n\t\t\t\t<section data-marvy_enable_drop_animation=\"false\" data-marvy_enable_fancy_rotate=\"false\" data-marvy_enable_flying_object=\"false\" data-marvy_enable_ripples_animation=\"false\" data-marvy_enable_waves_animation=\"false\" data-marvy_enable_rings_animation=\"false\" data-marvy_enable_topology_animation=\"false\" data-marvy_enable_gradient_animation=\"false\" data-marvy_enable_snow_animation=\"false\" data-marvy_enable_firework_animation=\"false\" data-particle_enable=\"false\" data-particle-mobile-disabled=\"false\" class=\"elementor-section elementor-top-section elementor-element elementor-element-0992eb9 elementor-section-boxed elementor-section-height-default elementor-section-height-default\" data-id=\"0992eb9\" data-element_type=\"section\">\n\t\t\t\t\t\t<div class=\"elementor-container elementor-column-gap-default\">\n\t\t\t\t\t<div class=\"elementor-column elementor-col-100 elementor-top-column elementor-element elementor-element-edce4c8\" data-id=\"edce4c8\" data-element_type=\"column\">\n\t\t\t<div class=\"elementor-widget-wrap elementor-element-populated\">\n\t\t\t\t\t\t\t\t<div class=\"elementor-element elementor-element-6d30891 elementor-widget elementor-widget-eael-content-timeline\" data-id=\"6d30891\" data-element_type=\"widget\" data-widget_type=\"eael-content-timeline.default\">\n\t\t\t\t<div class=\"elementor-widget-container\">\n\t\t\t\n\t\t<div id=\"eael-content-timeline-6d30891\" class=\"content-timeline-layout-right date-position-inside\">\n\t\t\t<div class=\"eael-content-timeline-container\">\n\t\t\t\t<div class=\"eael-content-timeline-container\">\n\t\t\t\t\t\n\t\t\t\t\t\t\t\t\t\t\t\t\t\t\t\t\t\t\t\t<div class=\"eael-content-timeline-block\">\n\t\t\t\t\t\t\t\t<div class=\"eael-content-timeline-line\">\n\t\t\t\t\t\t\t\t\t<div class=\"eael-content-timeline-inner\"><\/div>\n\t\t\t\t\t\t\t\t<\/div>\n\t\t\t\t\t\t\t\t<div class=\"eael-content-timeline-img eael-picture \">\n\t\t\t\t\t\t\t\t\t\t\t\t\t\t\t\t\t\t\t\t\t\t\t\t\t\t\t\t\t\t\t\t\t\t\t\t\t\t\t\t\t\t\t\t\t\t\t\t\t\t\t<i class=\"fas fa-pencil-alt\"><\/i>\n\t\t\t\t\t\t\t\t\t\t\t\t\t\t\t\t\t\t\t\t\t\t\t\t\t\t\t\t\t\t\t\t\t\t\t\t\t\t<\/div>\n\n\t\t\t\t\t\t\t\t<div class=\"eael-content-timeline-content\">\n\t\t\t\t\t\t\t\t\t\t\t\t\t\t\t\t\t\t\t<h2 class=\"eael-timeline-title\">\n\t\t\t\t\t\t\t\t\t\t\t\t\t\t\t\t\t\t\t\t\t\t\tSQL Server Express ile Tarex System Ba\u011flant\u0131s\u0131 Olu\u015fturulmas\u0131\t\t\t\t\t\t\t\t\t\t\t\t\t\t\t\t\t\t\t\t\t\t<\/h2>\n\t\t\t\t\t\t\t\t\t\t\t\t\t\t\t\t\t\t\t\t\t\t\t\t\t\t\t\t<p><p>Yukar\u0131daki Resimdeki TarexSystem.exe dosyas\u0131na \u00e7ift t\u0131klayal\u0131m Program A\u00e7\u0131lacak ba\u011flant\u0131 \u015fekli ve veri taban\u0131 ad\u0131<br \/>bo\u015f gelecek o alanlar dolduralacak.<\/p><p><img loading=\"lazy\" decoding=\"async\" class=\"alignnone size-full wp-image-2125\" src=\"http:\/\/tarexsystem.com\/wp-content\/uploads\/2022\/04\/Screenshot_10.png\" alt=\"\" width=\"681\" height=\"363\" srcset=\"http:\/\/tarexsystem.com\/wp-content\/uploads\/2022\/04\/Screenshot_10.png 681w, http:\/\/tarexsystem.com\/wp-content\/uploads\/2022\/04\/Screenshot_10-300x160.png 300w\" sizes=\"auto, (max-width: 681px) 100vw, 681px\" \/><\/p><p><img loading=\"lazy\" decoding=\"async\" class=\"alignnone size-full wp-image-2126\" src=\"http:\/\/tarexsystem.com\/wp-content\/uploads\/2022\/04\/Screenshot_11.png\" alt=\"\" width=\"685\" height=\"368\" srcset=\"http:\/\/tarexsystem.com\/wp-content\/uploads\/2022\/04\/Screenshot_11.png 685w, http:\/\/tarexsystem.com\/wp-content\/uploads\/2022\/04\/Screenshot_11-300x161.png 300w\" sizes=\"auto, (max-width: 685px) 100vw, 685px\" \/><\/p><p>Microsoft SQL Server Management studio a\u00e7al\u0131m ve Server Name ad\u0131n\u0131 kopyalayal\u0131m.<\/p><p><img loading=\"lazy\" decoding=\"async\" class=\"alignnone size-full wp-image-2127\" src=\"http:\/\/tarexsystem.com\/wp-content\/uploads\/2022\/04\/Screenshot_12.png\" alt=\"\" width=\"683\" height=\"363\" srcset=\"http:\/\/tarexsystem.com\/wp-content\/uploads\/2022\/04\/Screenshot_12.png 683w, http:\/\/tarexsystem.com\/wp-content\/uploads\/2022\/04\/Screenshot_12-300x159.png 300w\" sizes=\"auto, (max-width: 683px) 100vw, 683px\" \/><\/p><p>Kopyalad\u0131\u011f\u0131m\u0131z adresi Connection 1 sat\u0131rdaki alana yap\u0131\u015ft\u0131ral\u0131m ve sonra Database Name DBTarex yazal\u0131m.<\/p><p><img loading=\"lazy\" decoding=\"async\" class=\"alignnone size-full wp-image-2129\" src=\"http:\/\/tarexsystem.com\/wp-content\/uploads\/2022\/04\/Screenshot_13.png\" alt=\"\" width=\"677\" height=\"362\" srcset=\"http:\/\/tarexsystem.com\/wp-content\/uploads\/2022\/04\/Screenshot_13.png 677w, http:\/\/tarexsystem.com\/wp-content\/uploads\/2022\/04\/Screenshot_13-300x160.png 300w\" sizes=\"auto, (max-width: 677px) 100vw, 677px\" \/><\/p><p><img loading=\"lazy\" decoding=\"async\" class=\"alignnone size-full wp-image-2128\" src=\"http:\/\/tarexsystem.com\/wp-content\/uploads\/2022\/04\/Screenshot_9.png\" alt=\"\" width=\"604\" height=\"361\" srcset=\"http:\/\/tarexsystem.com\/wp-content\/uploads\/2022\/04\/Screenshot_9.png 604w, http:\/\/tarexsystem.com\/wp-content\/uploads\/2022\/04\/Screenshot_9-300x179.png 300w\" sizes=\"auto, (max-width: 604px) 100vw, 604px\" \/><\/p><p>Tekrar TaresSystem.exe dosyas\u0131n\u0131 \u00e7al\u0131\u015ft\u0131ral\u0131m. TarexSystem SQL Server\u2019de veritaban\u0131n\u0131 ve tablolar\u0131n\u0131 olu\u015fturmaya<br \/>ba\u015flayacakt\u0131r.<\/p><p><img loading=\"lazy\" decoding=\"async\" class=\"alignnone size-full wp-image-2130\" src=\"http:\/\/tarexsystem.com\/wp-content\/uploads\/2022\/04\/Screenshot_14.png\" alt=\"\" width=\"405\" height=\"271\" srcset=\"http:\/\/tarexsystem.com\/wp-content\/uploads\/2022\/04\/Screenshot_14.png 405w, http:\/\/tarexsystem.com\/wp-content\/uploads\/2022\/04\/Screenshot_14-300x201.png 300w\" sizes=\"auto, (max-width: 405px) 100vw, 405px\" \/><\/p><p>Kurulum i\u015flemi bittikten sonra kullan\u0131c\u0131 ad\u0131 ve \u015fifre bol\u00fcm\u00fc aktifle\u015fecektir. Herhangi bir \u015fifre girmeden giri\u015f (Login)<br \/>tu\u015funa basal\u0131m.<\/p><p><img loading=\"lazy\" decoding=\"async\" class=\"alignnone size-full wp-image-2131\" src=\"http:\/\/tarexsystem.com\/wp-content\/uploads\/2022\/04\/Screenshot_15.png\" alt=\"\" width=\"401\" height=\"269\" srcset=\"http:\/\/tarexsystem.com\/wp-content\/uploads\/2022\/04\/Screenshot_15.png 401w, http:\/\/tarexsystem.com\/wp-content\/uploads\/2022\/04\/Screenshot_15-300x201.png 300w\" sizes=\"auto, (max-width: 401px) 100vw, 401px\" \/><\/p><p><img loading=\"lazy\" decoding=\"async\" class=\"alignnone size-full wp-image-2132\" src=\"http:\/\/tarexsystem.com\/wp-content\/uploads\/2022\/04\/Screenshot_16.png\" alt=\"\" width=\"348\" height=\"116\" srcset=\"http:\/\/tarexsystem.com\/wp-content\/uploads\/2022\/04\/Screenshot_16.png 348w, http:\/\/tarexsystem.com\/wp-content\/uploads\/2022\/04\/Screenshot_16-300x100.png 300w\" sizes=\"auto, (max-width: 348px) 100vw, 348px\" \/><\/p><p>Gelen uyar\u0131 Seri port Se\u00e7ilmemi\u015f uyar\u0131n\u0131 ge\u00e7elim. A\u00e7\u0131klamas\u0131 :=PLC ba\u011flant\u0131 port numaras\u0131 se\u00e7ilmemi\u015f.<\/p><p><img loading=\"lazy\" decoding=\"async\" class=\"alignnone size-full wp-image-2133\" src=\"http:\/\/tarexsystem.com\/wp-content\/uploads\/2022\/04\/Screenshot_17.png\" alt=\"\" width=\"269\" height=\"166\" \/><\/p><p>Bu uyar\u0131 ise Program\u0131n Tesis ad\u0131 b\u00f6l\u00fcm\u00fcn\u00fc doldurulmas\u0131 gerekti\u011fi ile alakal\u0131 bir uyar\u0131.<br \/>Not Ayarlar sekmesinden pc ayarlar\u0131ndan Tesis ad\u0131 b\u00f6l\u00fcm\u00fcn\u00fcn zorunlu doldurulmas\u0131 ile alakal\u0131d\u0131r. Bu uyar\u0131da<br \/>ge\u00e7elim ve program a\u00e7al\u0131m.<\/p><p><img loading=\"lazy\" decoding=\"async\" class=\"alignnone size-full wp-image-2134\" src=\"http:\/\/tarexsystem.com\/wp-content\/uploads\/2022\/04\/Screenshot_18.png\" alt=\"\" width=\"682\" height=\"361\" srcset=\"http:\/\/tarexsystem.com\/wp-content\/uploads\/2022\/04\/Screenshot_18.png 682w, http:\/\/tarexsystem.com\/wp-content\/uploads\/2022\/04\/Screenshot_18-300x159.png 300w\" sizes=\"auto, (max-width: 682px) 100vw, 682px\" \/><\/p><p>Program bo\u015f olarak a\u00e7\u0131lacakt\u0131r.<\/p><ul><li>Program\u0131 k\u0131saca tan\u0131yal\u0131m. Program tek ekranda 2 ana fakt\u00f6r\u00fc bir arada bar\u0131nd\u0131r\u0131r. Bu Fakt\u00f6rler<br \/>1. PLC Kontrol Ekran\u0131.(Kolayla\u015ft\u0131r\u0131lm\u0131\u015f kontrol ekran\u0131 )<br \/>2. Veri Taban\u0131 y\u00f6netimi (\u00dcretim verilerinin giri\u015f, d\u00fczeltme ve silme i\u015flemini \u00dcretim kontrol ekran\u0131n\u0131<br \/>kapamadan yapabilmektedir).<\/li><\/ul><p>Ekran\u0131n K\u0131saca A\u00e7\u0131klayal\u0131m.<\/p><p><img loading=\"lazy\" decoding=\"async\" class=\"alignnone size-full wp-image-2135\" src=\"http:\/\/tarexsystem.com\/wp-content\/uploads\/2022\/04\/Screenshot_19.png\" alt=\"\" width=\"683\" height=\"360\" srcset=\"http:\/\/tarexsystem.com\/wp-content\/uploads\/2022\/04\/Screenshot_19.png 683w, http:\/\/tarexsystem.com\/wp-content\/uploads\/2022\/04\/Screenshot_19-300x158.png 300w\" sizes=\"auto, (max-width: 683px) 100vw, 683px\" \/><\/p><p>\u0130lk yapmam\u0131z gereken i\u015flem PLC haberle\u015fme \u015eeklini se\u00e7mek ve tesis ad\u0131n\u0131 Girmek.<\/p><p><img loading=\"lazy\" decoding=\"async\" class=\"alignnone size-full wp-image-2136\" src=\"http:\/\/tarexsystem.com\/wp-content\/uploads\/2022\/04\/Screenshot_20.png\" alt=\"\" width=\"670\" height=\"362\" srcset=\"http:\/\/tarexsystem.com\/wp-content\/uploads\/2022\/04\/Screenshot_20.png 670w, http:\/\/tarexsystem.com\/wp-content\/uploads\/2022\/04\/Screenshot_20-300x162.png 300w\" sizes=\"auto, (max-width: 670px) 100vw, 670px\" \/><\/p><p>Bu Alanlar dolduruldu\u011funda PLC<\/p><p><img loading=\"lazy\" decoding=\"async\" class=\"alignnone size-full wp-image-2137\" src=\"http:\/\/tarexsystem.com\/wp-content\/uploads\/2022\/04\/Screenshot_21.png\" alt=\"\" width=\"680\" height=\"362\" srcset=\"http:\/\/tarexsystem.com\/wp-content\/uploads\/2022\/04\/Screenshot_21.png 680w, http:\/\/tarexsystem.com\/wp-content\/uploads\/2022\/04\/Screenshot_21-300x160.png 300w\" sizes=\"auto, (max-width: 680px) 100vw, 680px\" \/><\/p><p>Ba\u011flant\u0131 g\u00f6stergesi yan\u0131p s\u00f6nmeye ba\u015flayacakt\u0131r.<\/p><p><img loading=\"lazy\" decoding=\"async\" class=\"alignnone size-full wp-image-2138\" src=\"http:\/\/tarexsystem.com\/wp-content\/uploads\/2022\/04\/Screenshot_22.png\" alt=\"\" width=\"336\" height=\"138\" srcset=\"http:\/\/tarexsystem.com\/wp-content\/uploads\/2022\/04\/Screenshot_22.png 336w, http:\/\/tarexsystem.com\/wp-content\/uploads\/2022\/04\/Screenshot_22-300x123.png 300w\" sizes=\"auto, (max-width: 336px) 100vw, 336px\" \/><\/p><p>Sistem Start Konumda<\/p><p><img loading=\"lazy\" decoding=\"async\" class=\"alignnone size-full wp-image-2139\" src=\"http:\/\/tarexsystem.com\/wp-content\/uploads\/2022\/04\/Screenshot_23.png\" alt=\"\" width=\"570\" height=\"286\" srcset=\"http:\/\/tarexsystem.com\/wp-content\/uploads\/2022\/04\/Screenshot_23.png 570w, http:\/\/tarexsystem.com\/wp-content\/uploads\/2022\/04\/Screenshot_23-300x151.png 300w\" sizes=\"auto, (max-width: 570px) 100vw, 570px\" \/><\/p><p>Sistem Manuel modda a\u00e7\u0131lm\u0131\u015f ve manuel kullan\u0131ma haz\u0131r durumdad\u0131r.<\/p><p><img loading=\"lazy\" decoding=\"async\" class=\"alignnone size-full wp-image-2140\" src=\"http:\/\/tarexsystem.com\/wp-content\/uploads\/2022\/04\/Screenshot_24.png\" alt=\"\" width=\"672\" height=\"365\" srcset=\"http:\/\/tarexsystem.com\/wp-content\/uploads\/2022\/04\/Screenshot_24.png 672w, http:\/\/tarexsystem.com\/wp-content\/uploads\/2022\/04\/Screenshot_24-300x163.png 300w\" sizes=\"auto, (max-width: 672px) 100vw, 672px\" \/><\/p><p><img loading=\"lazy\" decoding=\"async\" class=\"alignnone size-full wp-image-2141\" src=\"http:\/\/tarexsystem.com\/wp-content\/uploads\/2022\/04\/Screenshot_25.png\" alt=\"\" width=\"687\" height=\"378\" srcset=\"http:\/\/tarexsystem.com\/wp-content\/uploads\/2022\/04\/Screenshot_25.png 687w, http:\/\/tarexsystem.com\/wp-content\/uploads\/2022\/04\/Screenshot_25-300x165.png 300w\" sizes=\"auto, (max-width: 687px) 100vw, 687px\" \/><\/p><p>5.Malzeme Giri\u015fi<br \/>Ayarlar Sayfas\u0131ndan malzemeler sekmesine gelinir<\/p><p><img loading=\"lazy\" decoding=\"async\" class=\"alignnone size-full wp-image-2142\" src=\"http:\/\/tarexsystem.com\/wp-content\/uploads\/2022\/04\/Screenshot_26.png\" alt=\"\" width=\"681\" height=\"367\" srcset=\"http:\/\/tarexsystem.com\/wp-content\/uploads\/2022\/04\/Screenshot_26.png 681w, http:\/\/tarexsystem.com\/wp-content\/uploads\/2022\/04\/Screenshot_26-300x162.png 300w\" sizes=\"auto, (max-width: 681px) 100vw, 681px\" \/><\/p><p>Sayfa Butonlar\u0131 A\u00e7\u0131klamalar\u0131<\/p><p><img loading=\"lazy\" decoding=\"async\" class=\"alignnone size-full wp-image-2143\" src=\"http:\/\/tarexsystem.com\/wp-content\/uploads\/2022\/04\/Screenshot_27.png\" alt=\"\" width=\"684\" height=\"450\" srcset=\"http:\/\/tarexsystem.com\/wp-content\/uploads\/2022\/04\/Screenshot_27.png 684w, http:\/\/tarexsystem.com\/wp-content\/uploads\/2022\/04\/Screenshot_27-300x197.png 300w\" sizes=\"auto, (max-width: 684px) 100vw, 684px\" \/><\/p><p>Giri\u015f simgesine (+) bas\u0131n\u0131z<\/p><p><img loading=\"lazy\" decoding=\"async\" class=\"alignnone size-full wp-image-2144\" src=\"http:\/\/tarexsystem.com\/wp-content\/uploads\/2022\/04\/Screenshot_28.png\" alt=\"\" width=\"692\" height=\"374\" srcset=\"http:\/\/tarexsystem.com\/wp-content\/uploads\/2022\/04\/Screenshot_28.png 692w, http:\/\/tarexsystem.com\/wp-content\/uploads\/2022\/04\/Screenshot_28-300x162.png 300w\" sizes=\"auto, (max-width: 692px) 100vw, 692px\" \/><\/p><p>Agrega ,\u00e7imento , su ve katk\u0131 malzemlerini giriniz.<br \/>Katk\u0131 malzemesi re\u00e7edeki girilen degerin \u00e7imentonun y\u00fczde cinsinden mi als\u0131n yoksa direk girilen degeri mi<br \/>y\u00fcklesin<\/p><p><img loading=\"lazy\" decoding=\"async\" class=\"alignnone size-full wp-image-2145\" src=\"http:\/\/tarexsystem.com\/wp-content\/uploads\/2022\/04\/Screenshot_29.png\" alt=\"\" width=\"682\" height=\"367\" srcset=\"http:\/\/tarexsystem.com\/wp-content\/uploads\/2022\/04\/Screenshot_29.png 682w, http:\/\/tarexsystem.com\/wp-content\/uploads\/2022\/04\/Screenshot_29-300x161.png 300w\" sizes=\"auto, (max-width: 682px) 100vw, 682px\" \/><\/p><p>6.Tan\u0131mlanan Malzemeleri Silolara Giri\u015fi ve Silo Ayarlar\u0131n\u0131n yap\u0131lmas\u0131<\/p><p><img loading=\"lazy\" decoding=\"async\" class=\"alignnone size-full wp-image-2146\" src=\"http:\/\/tarexsystem.com\/wp-content\/uploads\/2022\/04\/Screenshot_30.png\" alt=\"\" width=\"683\" height=\"369\" srcset=\"http:\/\/tarexsystem.com\/wp-content\/uploads\/2022\/04\/Screenshot_30.png 683w, http:\/\/tarexsystem.com\/wp-content\/uploads\/2022\/04\/Screenshot_30-300x162.png 300w\" sizes=\"auto, (max-width: 683px) 100vw, 683px\" \/><\/p><p>D\u00fczenleme (kalem) Butonuna bas\u0131n\u0131z<\/p><p><img loading=\"lazy\" decoding=\"async\" class=\"alignnone size-full wp-image-2147\" src=\"http:\/\/tarexsystem.com\/wp-content\/uploads\/2022\/04\/Screenshot_31.png\" alt=\"\" width=\"683\" height=\"367\" srcset=\"http:\/\/tarexsystem.com\/wp-content\/uploads\/2022\/04\/Screenshot_31.png 683w, http:\/\/tarexsystem.com\/wp-content\/uploads\/2022\/04\/Screenshot_31-300x161.png 300w\" sizes=\"auto, (max-width: 683px) 100vw, 683px\" \/><\/p><p><img loading=\"lazy\" decoding=\"async\" class=\"alignnone size-full wp-image-2148\" src=\"http:\/\/tarexsystem.com\/wp-content\/uploads\/2022\/04\/Screenshot_32.png\" alt=\"\" width=\"683\" height=\"367\" srcset=\"http:\/\/tarexsystem.com\/wp-content\/uploads\/2022\/04\/Screenshot_32.png 683w, http:\/\/tarexsystem.com\/wp-content\/uploads\/2022\/04\/Screenshot_32-300x161.png 300w\" sizes=\"auto, (max-width: 683px) 100vw, 683px\" \/><\/p><p><img loading=\"lazy\" decoding=\"async\" class=\"alignnone size-full wp-image-2149\" src=\"http:\/\/tarexsystem.com\/wp-content\/uploads\/2022\/04\/Screenshot_33.png\" alt=\"\" width=\"680\" height=\"367\" srcset=\"http:\/\/tarexsystem.com\/wp-content\/uploads\/2022\/04\/Screenshot_33.png 680w, http:\/\/tarexsystem.com\/wp-content\/uploads\/2022\/04\/Screenshot_33-300x162.png 300w\" sizes=\"auto, (max-width: 680px) 100vw, 680px\" \/><\/p><p><img loading=\"lazy\" decoding=\"async\" class=\"alignnone size-full wp-image-2150\" src=\"http:\/\/tarexsystem.com\/wp-content\/uploads\/2022\/04\/Screenshot_34.png\" alt=\"\" width=\"685\" height=\"367\" srcset=\"http:\/\/tarexsystem.com\/wp-content\/uploads\/2022\/04\/Screenshot_34.png 685w, http:\/\/tarexsystem.com\/wp-content\/uploads\/2022\/04\/Screenshot_34-300x161.png 300w\" sizes=\"auto, (max-width: 685px) 100vw, 685px\" \/><\/p><p><img loading=\"lazy\" decoding=\"async\" class=\"alignnone size-full wp-image-2151\" src=\"http:\/\/tarexsystem.com\/wp-content\/uploads\/2022\/04\/Screenshot_35.png\" alt=\"\" width=\"682\" height=\"366\" srcset=\"http:\/\/tarexsystem.com\/wp-content\/uploads\/2022\/04\/Screenshot_35.png 682w, http:\/\/tarexsystem.com\/wp-content\/uploads\/2022\/04\/Screenshot_35-300x161.png 300w\" sizes=\"auto, (max-width: 682px) 100vw, 682px\" \/><\/p><p><img loading=\"lazy\" decoding=\"async\" class=\"alignnone size-full wp-image-2152\" src=\"http:\/\/tarexsystem.com\/wp-content\/uploads\/2022\/04\/Screenshot_36.png\" alt=\"\" width=\"682\" height=\"367\" srcset=\"http:\/\/tarexsystem.com\/wp-content\/uploads\/2022\/04\/Screenshot_36.png 682w, http:\/\/tarexsystem.com\/wp-content\/uploads\/2022\/04\/Screenshot_36-300x161.png 300w\" sizes=\"auto, (max-width: 682px) 100vw, 682px\" \/><\/p><p><img loading=\"lazy\" decoding=\"async\" class=\"alignnone size-full wp-image-2153\" src=\"http:\/\/tarexsystem.com\/wp-content\/uploads\/2022\/04\/Screenshot_37.png\" alt=\"\" width=\"682\" height=\"367\" srcset=\"http:\/\/tarexsystem.com\/wp-content\/uploads\/2022\/04\/Screenshot_37.png 682w, http:\/\/tarexsystem.com\/wp-content\/uploads\/2022\/04\/Screenshot_37-300x161.png 300w\" sizes=\"auto, (max-width: 682px) 100vw, 682px\" \/><\/p><p><img loading=\"lazy\" decoding=\"async\" class=\"alignnone size-full wp-image-2154\" src=\"http:\/\/tarexsystem.com\/wp-content\/uploads\/2022\/04\/Screenshot_38.png\" alt=\"\" width=\"682\" height=\"367\" srcset=\"http:\/\/tarexsystem.com\/wp-content\/uploads\/2022\/04\/Screenshot_38.png 682w, http:\/\/tarexsystem.com\/wp-content\/uploads\/2022\/04\/Screenshot_38-300x161.png 300w\" sizes=\"auto, (max-width: 682px) 100vw, 682px\" \/><\/p><p>Silo tan\u0131mlama i\u015flemi bitmi\u015ftir.<br \/>7.Kantar ayarlar\u0131n\u0131n yap\u0131lmas\u0131<\/p><p><img loading=\"lazy\" decoding=\"async\" class=\"alignnone size-full wp-image-2155\" src=\"http:\/\/tarexsystem.com\/wp-content\/uploads\/2022\/04\/Screenshot_39.png\" alt=\"\" width=\"683\" height=\"367\" srcset=\"http:\/\/tarexsystem.com\/wp-content\/uploads\/2022\/04\/Screenshot_39.png 683w, http:\/\/tarexsystem.com\/wp-content\/uploads\/2022\/04\/Screenshot_39-300x161.png 300w\" sizes=\"auto, (max-width: 683px) 100vw, 683px\" \/><\/p><p><img loading=\"lazy\" decoding=\"async\" class=\"alignnone size-full wp-image-2156\" src=\"http:\/\/tarexsystem.com\/wp-content\/uploads\/2022\/04\/Screenshot_40.png\" alt=\"\" width=\"684\" height=\"366\" srcset=\"http:\/\/tarexsystem.com\/wp-content\/uploads\/2022\/04\/Screenshot_40.png 684w, http:\/\/tarexsystem.com\/wp-content\/uploads\/2022\/04\/Screenshot_40-300x161.png 300w\" sizes=\"auto, (max-width: 684px) 100vw, 684px\" \/><\/p><p><img loading=\"lazy\" decoding=\"async\" class=\"alignnone size-full wp-image-2157\" src=\"http:\/\/tarexsystem.com\/wp-content\/uploads\/2022\/04\/Screenshot_41.png\" alt=\"\" width=\"681\" height=\"366\" srcset=\"http:\/\/tarexsystem.com\/wp-content\/uploads\/2022\/04\/Screenshot_41.png 681w, http:\/\/tarexsystem.com\/wp-content\/uploads\/2022\/04\/Screenshot_41-300x161.png 300w\" sizes=\"auto, (max-width: 681px) 100vw, 681px\" \/><\/p><p>8.Santral Ayarlar\u0131n\u0131n Yap\u0131lmas\u0131<\/p><p><img loading=\"lazy\" decoding=\"async\" class=\"alignnone size-full wp-image-2158\" src=\"http:\/\/tarexsystem.com\/wp-content\/uploads\/2022\/04\/Screenshot_42.png\" alt=\"\" width=\"700\" height=\"373\" srcset=\"http:\/\/tarexsystem.com\/wp-content\/uploads\/2022\/04\/Screenshot_42.png 700w, http:\/\/tarexsystem.com\/wp-content\/uploads\/2022\/04\/Screenshot_42-300x160.png 300w\" sizes=\"auto, (max-width: 700px) 100vw, 700px\" \/><\/p><p><img loading=\"lazy\" decoding=\"async\" class=\"alignnone size-full wp-image-2160\" src=\"http:\/\/tarexsystem.com\/wp-content\/uploads\/2022\/04\/Screenshot_44.png\" alt=\"\" width=\"684\" height=\"375\" srcset=\"http:\/\/tarexsystem.com\/wp-content\/uploads\/2022\/04\/Screenshot_44.png 684w, http:\/\/tarexsystem.com\/wp-content\/uploads\/2022\/04\/Screenshot_44-300x164.png 300w\" sizes=\"auto, (max-width: 684px) 100vw, 684px\" \/><\/p><p><img loading=\"lazy\" decoding=\"async\" class=\"alignnone size-full wp-image-2161\" src=\"http:\/\/tarexsystem.com\/wp-content\/uploads\/2022\/04\/Screenshot_45.png\" alt=\"\" width=\"683\" height=\"369\" srcset=\"http:\/\/tarexsystem.com\/wp-content\/uploads\/2022\/04\/Screenshot_45.png 683w, http:\/\/tarexsystem.com\/wp-content\/uploads\/2022\/04\/Screenshot_45-300x162.png 300w\" sizes=\"auto, (max-width: 683px) 100vw, 683px\" \/><\/p><p><img loading=\"lazy\" decoding=\"async\" class=\"alignnone size-full wp-image-2162\" src=\"http:\/\/tarexsystem.com\/wp-content\/uploads\/2022\/04\/Screenshot_46.png\" alt=\"\" width=\"688\" height=\"370\" srcset=\"http:\/\/tarexsystem.com\/wp-content\/uploads\/2022\/04\/Screenshot_46.png 688w, http:\/\/tarexsystem.com\/wp-content\/uploads\/2022\/04\/Screenshot_46-300x161.png 300w\" sizes=\"auto, (max-width: 688px) 100vw, 688px\" \/><\/p><p>\u00a0<\/p><\/p>\n\t\t\t\t\t\t\t\t\t\t\t\t\t\t\t\t\t\t\t\t\t\t\t\t\t\t\t\t\t\t\t\t\t\t\t\t\t<span class=\"eael-date\">9 Nisan 2022<\/span>\n\t\t\t\t\t\t\t\t\t\t\t\t\t\t\t\t\t<\/div>\n\t\t\t\t\t\t\t<\/div>\n\t\t\t\t\t\t\t\t\t\t\t\t\t\t\t<\/div>\n\t\t\t<\/div>\n\t\t<\/div>\n\n\t\t<\/div>\n\t\t\t\t<\/div>\n\t\t\t\t\t<\/div>\n\t\t<\/div>\n\t\t\t\t\t\t\t<\/div>\n\t\t<\/section>\n\t\t\t\t\t\t<\/div>\n\t\t\t\t\t<\/div>\n\t\t","protected":false},"excerpt":{"rendered":"<p>Kurulum SQL Kurulum SQL Ba\u011flant\u0131 \u0130lk Ayarlar Program Program Ayarlar\u0131 Malzeme Giri\u015fi Kantar Ayarlar\u0131 Silolar\u0131 Tan\u0131mlama M\u00fc\u015fteri Giri\u015fi Re\u00e7ete Giri\u015fi Stok Giri\u015fi Tan\u0131mlanmalar Sipari\u015f Giri\u015fi \u00dcretim Giri\u015fi \u00dcretim \u00dcretim Ba\u015flatma \u00dcretim Olas\u0131l\u0131klar\u0131 \u00dcretim \u0130ptali Raporlar \u0130rsaliye Dizayn Rapor Alma PDF \/ TR PDF \/ EN SQL Server Express ile Tarex System Ba\u011flant\u0131s\u0131 Olu\u015fturulmas\u0131 Yukar\u0131daki Resimdeki [&hellip;]<\/p>\n","protected":false},"author":1,"featured_media":0,"parent":0,"menu_order":0,"comment_status":"closed","ping_status":"closed","template":"elementor_header_footer","meta":{"footnotes":""},"class_list":["post-2123","page","type-page","status-publish","hentry"],"_links":{"self":[{"href":"http:\/\/tarexsystem.com\/index.php\/wp-json\/wp\/v2\/pages\/2123","targetHints":{"allow":["GET"]}}],"collection":[{"href":"http:\/\/tarexsystem.com\/index.php\/wp-json\/wp\/v2\/pages"}],"about":[{"href":"http:\/\/tarexsystem.com\/index.php\/wp-json\/wp\/v2\/types\/page"}],"author":[{"embeddable":true,"href":"http:\/\/tarexsystem.com\/index.php\/wp-json\/wp\/v2\/users\/1"}],"replies":[{"embeddable":true,"href":"http:\/\/tarexsystem.com\/index.php\/wp-json\/wp\/v2\/comments?post=2123"}],"version-history":[{"count":0,"href":"http:\/\/tarexsystem.com\/index.php\/wp-json\/wp\/v2\/pages\/2123\/revisions"}],"wp:attachment":[{"href":"http:\/\/tarexsystem.com\/index.php\/wp-json\/wp\/v2\/media?parent=2123"}],"curies":[{"name":"wp","href":"https:\/\/api.w.org\/{rel}","templated":true}]}}