{"id":2110,"date":"2022-04-09T10:08:34","date_gmt":"2022-04-09T07:08:34","guid":{"rendered":"http:\/\/tarexsystem.com\/?page_id=2110"},"modified":"2022-04-09T10:36:11","modified_gmt":"2022-04-09T07:36:11","slug":"sql-server-express-kurulumu","status":"publish","type":"page","link":"http:\/\/tarexsystem.com\/index.php\/sql-server-express-kurulumu\/","title":{"rendered":"SQL Server Express Kurulumu"},"content":{"rendered":"\t\t<div data-elementor-type=\"wp-page\" data-elementor-id=\"2110\" class=\"elementor elementor-2110\" data-elementor-settings=\"[]\">\n\t\t\t\t\t\t\t<div class=\"elementor-section-wrap\">\n\t\t\t\t\t\t\t<section data-marvy_enable_drop_animation=\"false\" data-marvy_enable_fancy_rotate=\"false\" data-marvy_enable_flying_object=\"false\" data-marvy_enable_ripples_animation=\"false\" data-marvy_enable_waves_animation=\"false\" data-marvy_enable_rings_animation=\"false\" data-marvy_enable_topology_animation=\"false\" data-marvy_enable_gradient_animation=\"false\" data-marvy_enable_snow_animation=\"false\" data-marvy_enable_firework_animation=\"false\" data-particle_enable=\"false\" data-particle-mobile-disabled=\"false\" class=\"elementor-section elementor-top-section elementor-element elementor-element-23b8f34 elementor-section-boxed elementor-section-height-default elementor-section-height-default\" data-id=\"23b8f34\" data-element_type=\"section\" data-settings=\"{&quot;background_background&quot;:&quot;classic&quot;}\">\n\t\t\t\t\t\t<div class=\"elementor-container elementor-column-gap-default\">\n\t\t\t\t\t<div class=\"elementor-column elementor-col-100 elementor-top-column elementor-element elementor-element-6de8faf\" data-id=\"6de8faf\" data-element_type=\"column\">\n\t\t\t<div class=\"elementor-widget-wrap elementor-element-populated\">\n\t\t\t\t\t\t\t\t\t<\/div>\n\t\t<\/div>\n\t\t\t\t\t\t\t<\/div>\n\t\t<\/section>\n\t\t\t\t<section data-marvy_enable_drop_animation=\"false\" data-marvy_enable_fancy_rotate=\"false\" data-marvy_enable_flying_object=\"false\" data-marvy_enable_ripples_animation=\"false\" data-marvy_enable_waves_animation=\"false\" data-marvy_enable_rings_animation=\"false\" data-marvy_enable_topology_animation=\"false\" data-marvy_enable_gradient_animation=\"false\" data-marvy_enable_snow_animation=\"false\" data-marvy_enable_firework_animation=\"false\" data-particle_enable=\"false\" data-particle-mobile-disabled=\"false\" class=\"elementor-section elementor-top-section elementor-element elementor-element-0992eb9 elementor-section-boxed elementor-section-height-default elementor-section-height-default\" data-id=\"0992eb9\" data-element_type=\"section\">\n\t\t\t\t\t\t<div class=\"elementor-container elementor-column-gap-default\">\n\t\t\t\t\t<div class=\"elementor-column elementor-col-100 elementor-top-column elementor-element elementor-element-edce4c8\" data-id=\"edce4c8\" data-element_type=\"column\">\n\t\t\t<div class=\"elementor-widget-wrap elementor-element-populated\">\n\t\t\t\t\t\t\t\t<div class=\"elementor-element elementor-element-6d30891 elementor-widget elementor-widget-eael-content-timeline\" data-id=\"6d30891\" data-element_type=\"widget\" data-widget_type=\"eael-content-timeline.default\">\n\t\t\t\t<div class=\"elementor-widget-container\">\n\t\t\t\n\t\t<div id=\"eael-content-timeline-6d30891\" class=\"content-timeline-layout-right date-position-inside\">\n\t\t\t<div class=\"eael-content-timeline-container\">\n\t\t\t\t<div class=\"eael-content-timeline-container\">\n\t\t\t\t\t\n\t\t\t\t\t\t\t\t\t\t\t\t\t\t\t\t\t\t\t\t<div class=\"eael-content-timeline-block\">\n\t\t\t\t\t\t\t\t<div class=\"eael-content-timeline-line\">\n\t\t\t\t\t\t\t\t\t<div class=\"eael-content-timeline-inner\"><\/div>\n\t\t\t\t\t\t\t\t<\/div>\n\t\t\t\t\t\t\t\t<div class=\"eael-content-timeline-img eael-picture \">\n\t\t\t\t\t\t\t\t\t\t\t\t\t\t\t\t\t\t\t\t\t\t\t\t\t\t\t\t\t\t\t\t\t\t\t\t\t\t\t\t\t\t\t\t\t\t\t\t\t\t\t<i class=\"fas fa-pencil-alt\"><\/i>\n\t\t\t\t\t\t\t\t\t\t\t\t\t\t\t\t\t\t\t\t\t\t\t\t\t\t\t\t\t\t\t\t\t\t\t\t\t\t<\/div>\n\n\t\t\t\t\t\t\t\t<div class=\"eael-content-timeline-content\">\n\t\t\t\t\t\t\t\t\t\t\t\t\t\t\t\t\t\t\t<h2 class=\"eael-timeline-title\">\n\t\t\t\t\t\t\t\t\t\t\t\t\t\t\t\t\t\t\t\t\t\t\tSQL Server Express Kurulumu\t\t\t\t\t\t\t\t\t\t\t\t\t\t\t\t\t\t\t\t\t\t<\/h2>\n\t\t\t\t\t\t\t\t\t\t\t\t\t\t\t\t\t\t\t\t\t\t\t\t\t\t\t\t<p><p>SQL Server 2019 Express (\u00dccretsiz) s\u00fcr\u00fcm\u00fc<br \/>Ad\u0131m 1: 2019 Sql server express (\u00fccretsiz) kurulum setup \u0131n\u0131 i indiriyoruz. (6mb) Not: sql server 2017 de oldu\u011fu gibi sql server 2019\u2018da da sadece 64 bit versiyonu bulunmaktad\u0131r.<br \/>SQL Server 2019 Express (\u00fccretsiz) indir<br \/>Ad\u0131m 2: Dosyay\u0131 indirdik \u00e7al\u0131\u015ft\u0131r\u0131yoruz.<br \/>\u0130ndirdi\u011fimiz SQL2019-SSEI-Expr.exe dosyas\u0131na \u00e7ift t\u0131klayarak a\u00e7\u0131yoruz. Yetki isteyecektir evet deyip ge\u00e7iyoruz<br \/>A\u015fa\u011f\u0131daki gibi bir erkan kar\u015f\u0131m\u0131za \u00e7\u0131kacak ;<\/p><p><img loading=\"lazy\" decoding=\"async\" class=\"alignnone wp-image-2011 size-full\" src=\"http:\/\/tarexsystem.com\/wp-content\/uploads\/2022\/03\/1.png\" alt=\"\" width=\"858\" height=\"547\" srcset=\"http:\/\/tarexsystem.com\/wp-content\/uploads\/2022\/03\/1.png 858w, http:\/\/tarexsystem.com\/wp-content\/uploads\/2022\/03\/1-300x191.png 300w, http:\/\/tarexsystem.com\/wp-content\/uploads\/2022\/03\/1-768x490.png 768w\" sizes=\"auto, (max-width: 858px) 100vw, 858px\" \/><\/p><p>Yukar\u0131da ki resimde g\u00f6r\u00fcnen BASIC \u2018e T\u0131kl\u0131yoruz. Sonra a\u015fa\u011f\u0131daki resimdeki gibi bir ekran gelirse Yes e t\u0131klay\u0131n<\/p><p>Ad\u0131m 2: Kuruluma ba\u015fl\u0131yoruz.<\/p><p><img loading=\"lazy\" decoding=\"async\" class=\"alignnone wp-image-2012 size-full\" src=\"http:\/\/tarexsystem.com\/wp-content\/uploads\/2022\/03\/2.png\" alt=\"\" width=\"859\" height=\"536\" srcset=\"http:\/\/tarexsystem.com\/wp-content\/uploads\/2022\/03\/2.png 859w, http:\/\/tarexsystem.com\/wp-content\/uploads\/2022\/03\/2-300x187.png 300w, http:\/\/tarexsystem.com\/wp-content\/uploads\/2022\/03\/2-768x479.png 768w\" sizes=\"auto, (max-width: 859px) 100vw, 859px\" \/><\/p><p>burada yaz\u0131lan\u0131n k\u0131saca T\u00fcrk\u00e7esi; Kullanm\u0131\u015f oldu\u011fun Windows s\u00fcr\u00fcm\u00fcn\u00fcn dili T\u00fcrk\u00e7e Sql server 2019 express\u2018in T\u00fcrk\u00e7e versiyonu yok \u0130ngilizce dilinde kurmak istiyor musun? YES. Sonra.<br \/>A\u015fa\u011f\u0131daki ekran \u00e7\u0131kacak Lisans anla\u015fmas\u0131n\u0131 kabul ediyoruz Accept \u2018e t\u0131kl\u0131yoruz.<\/p><p><img loading=\"lazy\" decoding=\"async\" class=\"alignnone wp-image-2013 size-full\" src=\"http:\/\/tarexsystem.com\/wp-content\/uploads\/2022\/03\/3.png\" alt=\"\" width=\"840\" height=\"513\" srcset=\"http:\/\/tarexsystem.com\/wp-content\/uploads\/2022\/03\/3.png 840w, http:\/\/tarexsystem.com\/wp-content\/uploads\/2022\/03\/3-300x183.png 300w, http:\/\/tarexsystem.com\/wp-content\/uploads\/2022\/03\/3-768x469.png 768w\" sizes=\"auto, (max-width: 840px) 100vw, 840px\" \/><\/p><p>Lisans S\u00f6zle\u015fmesinden sonra a\u015fa\u011f\u0131daki ekran a\u00e7\u0131lacak burada sql server 2019 express i nereye kuraca\u011f\u0131n\u0131, diskimizde ne kadar bo\u015f alan\u0131n olmas\u0131 gerekti\u011fini ve indirece\u011fi dosya boyutunu g\u00f6steriyor. Bu alanda de\u011fi\u015fiklik yapmadan<\/p><p><img loading=\"lazy\" decoding=\"async\" class=\"alignnone wp-image-2014 size-full\" src=\"http:\/\/tarexsystem.com\/wp-content\/uploads\/2022\/03\/4.png\" alt=\"\" width=\"861\" height=\"538\" srcset=\"http:\/\/tarexsystem.com\/wp-content\/uploads\/2022\/03\/4.png 861w, http:\/\/tarexsystem.com\/wp-content\/uploads\/2022\/03\/4-300x187.png 300w, http:\/\/tarexsystem.com\/wp-content\/uploads\/2022\/03\/4-768x480.png 768w\" sizes=\"auto, (max-width: 861px) 100vw, 861px\" \/><\/p><p><img loading=\"lazy\" decoding=\"async\" class=\"alignnone wp-image-2015 size-full\" src=\"http:\/\/tarexsystem.com\/wp-content\/uploads\/2022\/03\/5.png\" alt=\"\" width=\"860\" height=\"523\" srcset=\"http:\/\/tarexsystem.com\/wp-content\/uploads\/2022\/03\/5.png 860w, http:\/\/tarexsystem.com\/wp-content\/uploads\/2022\/03\/5-300x182.png 300w, http:\/\/tarexsystem.com\/wp-content\/uploads\/2022\/03\/5-768x467.png 768w\" sizes=\"auto, (max-width: 860px) 100vw, 860px\" \/><\/p><p>indirme i\u015flemi bittikten sonra ayn\u0131 ekranda kuruluma (installing) ge\u00e7iyor.bekliyoruz.<\/p><p>ve sonu\u00e7 a\u015fa\u011f\u0131daki resimde g\u00f6rd\u00fc\u011f\u00fcn\u00fcz gibi kurulum tamamlan\u0131yor.<\/p><p>Sql server 2017 express kurulumu bitti ama altta ki se\u00e7eneklere de ihtiyac\u0131n\u0131z olabilir inceleyin.<\/p><p><img loading=\"lazy\" decoding=\"async\" class=\"alignnone wp-image-2016 size-full\" src=\"http:\/\/tarexsystem.com\/wp-content\/uploads\/2022\/03\/6.png\" alt=\"\" width=\"855\" height=\"594\" srcset=\"http:\/\/tarexsystem.com\/wp-content\/uploads\/2022\/03\/6.png 855w, http:\/\/tarexsystem.com\/wp-content\/uploads\/2022\/03\/6-300x208.png 300w, http:\/\/tarexsystem.com\/wp-content\/uploads\/2022\/03\/6-768x534.png 768w\" sizes=\"auto, (max-width: 855px) 100vw, 855px\" \/><\/p><p>Yukar\u0131da ki \u00f6nemli ba\u015fl\u0131klar k\u0131saca;<br \/>INSTANCE NAME : Veri taban\u0131 yolunuz (adresiniz) \u00f6rnek: localhost\\SQLEXPRESS01 ya da 127.0.0.1\\SQLEXPRESS01 ya da BilgisayarAdiniz\\SQLEXPRESS01 gibi.<br \/>INSTALLATION FOLDER : Sql server 2017 express 2017 \u2018nin setup dosyas\u0131. Tekrar kurmak istersenez indirmenize gerek yok yani.<\/p><p>Ad\u0131m 5: SQL Server Management Studio (SSMS).<br \/>https:\/\/docs.microsoft.com\/en-us\/sql\/ssms\/download-sql-server-management-studio-ssms?view=sql-server-2017<br \/>\u00dcstteki ba\u011flant\u0131ya t\u0131klad\u0131\u011f\u0131n\u0131zda a\u015fa\u011f\u0131daki indirme sayfas\u0131 a\u00e7\u0131lacakt\u0131r.<\/p><p><img loading=\"lazy\" decoding=\"async\" class=\"alignnone wp-image-2084 size-full\" src=\"http:\/\/tarexsystem.com\/wp-content\/uploads\/2022\/03\/7.png\" alt=\"\" width=\"862\" height=\"470\" srcset=\"http:\/\/tarexsystem.com\/wp-content\/uploads\/2022\/03\/7.png 862w, http:\/\/tarexsystem.com\/wp-content\/uploads\/2022\/03\/7-300x164.png 300w, http:\/\/tarexsystem.com\/wp-content\/uploads\/2022\/03\/7-768x419.png 768w\" sizes=\"auto, (max-width: 862px) 100vw, 862px\" \/><\/p><p>SSMS-Setup-ENU isimli kurulum exemizi \u00e7al\u0131\u015ft\u0131r\u0131yoruz.<\/p><p><img loading=\"lazy\" decoding=\"async\" class=\"alignnone wp-image-2085 size-full\" src=\"http:\/\/tarexsystem.com\/wp-content\/uploads\/2022\/03\/8.png\" alt=\"\" width=\"881\" height=\"510\" srcset=\"http:\/\/tarexsystem.com\/wp-content\/uploads\/2022\/03\/8.png 881w, http:\/\/tarexsystem.com\/wp-content\/uploads\/2022\/03\/8-300x174.png 300w, http:\/\/tarexsystem.com\/wp-content\/uploads\/2022\/03\/8-768x445.png 768w\" sizes=\"auto, (max-width: 881px) 100vw, 881px\" \/><\/p><p>SQL Server Management Studio kurulum ekran\u0131nda nereye kuraca\u011f\u0131m\u0131z\u0131 belirliyoruz. Default olarak gelen dizini de\u011fi\u015ftirmeden Install diyoruz.<\/p><p><img loading=\"lazy\" decoding=\"async\" class=\"alignnone wp-image-2086 size-full\" src=\"http:\/\/tarexsystem.com\/wp-content\/uploads\/2022\/03\/9.png\" alt=\"\" width=\"864\" height=\"581\" srcset=\"http:\/\/tarexsystem.com\/wp-content\/uploads\/2022\/03\/9.png 864w, http:\/\/tarexsystem.com\/wp-content\/uploads\/2022\/03\/9-300x202.png 300w, http:\/\/tarexsystem.com\/wp-content\/uploads\/2022\/03\/9-768x516.png 768w\" sizes=\"auto, (max-width: 864px) 100vw, 864px\" \/><\/p><p>Kurulumun ba\u015flad\u0131\u011f\u0131n\u0131 g\u00f6r\u00fcyoruz.<\/p><p><img loading=\"lazy\" decoding=\"async\" class=\"alignnone wp-image-2087 size-full\" src=\"http:\/\/tarexsystem.com\/wp-content\/uploads\/2022\/03\/10-1.png\" alt=\"\" width=\"866\" height=\"539\" srcset=\"http:\/\/tarexsystem.com\/wp-content\/uploads\/2022\/03\/10-1.png 866w, http:\/\/tarexsystem.com\/wp-content\/uploads\/2022\/03\/10-1-300x187.png 300w, http:\/\/tarexsystem.com\/wp-content\/uploads\/2022\/03\/10-1-768x478.png 768w\" sizes=\"auto, (max-width: 866px) 100vw, 866px\" \/><\/p><p><img loading=\"lazy\" decoding=\"async\" class=\"alignnone wp-image-2088 size-full\" src=\"http:\/\/tarexsystem.com\/wp-content\/uploads\/2022\/03\/11-1.png\" alt=\"\" width=\"859\" height=\"507\" srcset=\"http:\/\/tarexsystem.com\/wp-content\/uploads\/2022\/03\/11-1.png 859w, http:\/\/tarexsystem.com\/wp-content\/uploads\/2022\/03\/11-1-300x177.png 300w, http:\/\/tarexsystem.com\/wp-content\/uploads\/2022\/03\/11-1-768x453.png 768w\" sizes=\"auto, (max-width: 859px) 100vw, 859px\" \/><\/p><p>Kurulum tamamland\u0131\u011f\u0131nda Restart butonuna t\u0131klayarak makinam\u0131z\u0131 yeniden ba\u015flat\u0131yoruz.<\/p><p>SQL Server Management Studio uygulamas\u0131n\u0131 a\u00e7\u0131yoruz. A\u015fa\u011f\u0131daki ekran geliyorsa kurulum ba\u015far\u0131yla<br \/>tamamlanm\u0131\u015f demektir<\/p><p><img loading=\"lazy\" decoding=\"async\" class=\"alignleft wp-image-2119 size-full\" src=\"http:\/\/tarexsystem.com\/wp-content\/uploads\/2022\/04\/Screenshot_8.png\" alt=\"\" width=\"695\" height=\"491\" srcset=\"http:\/\/tarexsystem.com\/wp-content\/uploads\/2022\/04\/Screenshot_8.png 695w, http:\/\/tarexsystem.com\/wp-content\/uploads\/2022\/04\/Screenshot_8-300x212.png 300w\" sizes=\"auto, (max-width: 695px) 100vw, 695px\" \/><\/p><p>Buradaki Server Name ad\u0131 not alal\u0131m ilerleyen b\u00f6l\u00fcmlerde Tarex System ile SQL server ba\u011flant\u0131s\u0131nda<br \/>kullanaca\u011f\u0131z<\/p><p>\u00a0<\/p><p>\u00a0<\/p><p>\u00a0<\/p><\/p>\n\t\t\t\t\t\t\t\t\t\t\t\t\t\t\t\t\t\t\t\t\t\t\t\t\t\t\t\t\t\t\t\t\t\t\t\t\t<span class=\"eael-date\">9 Nisan 2022<\/span>\n\t\t\t\t\t\t\t\t\t\t\t\t\t\t\t\t\t<\/div>\n\t\t\t\t\t\t\t<\/div>\n\t\t\t\t\t\t\t\t\t\t\t\t\t\t\t<\/div>\n\t\t\t<\/div>\n\t\t<\/div>\n\n\t\t<\/div>\n\t\t\t\t<\/div>\n\t\t\t\t\t<\/div>\n\t\t<\/div>\n\t\t\t\t\t\t\t<\/div>\n\t\t<\/section>\n\t\t\t\t\t\t<\/div>\n\t\t\t\t\t<\/div>\n\t\t","protected":false},"excerpt":{"rendered":"<p>Kurulum SQL Kurulum SQL Ba\u011flant\u0131 \u0130lk Ayarlar Program Program Ayarlar\u0131 Malzeme Giri\u015fi Kantar Ayarlar\u0131 Silolar\u0131 Tan\u0131mlama M\u00fc\u015fteri Giri\u015fi Re\u00e7ete Giri\u015fi Stok Giri\u015fi Tan\u0131mlanmalar Sipari\u015f Giri\u015fi \u00dcretim Giri\u015fi \u00dcretim \u00dcretim Ba\u015flatma \u00dcretim Olas\u0131l\u0131klar\u0131 \u00dcretim \u0130ptali Raporlar \u0130rsaliye Dizayn Rapor Alma PDF \/ TR PDF \/ EN SQL Server Express Kurulumu SQL Server 2019 Express (\u00dccretsiz) s\u00fcr\u00fcm\u00fcAd\u0131m [&hellip;]<\/p>\n","protected":false},"author":1,"featured_media":0,"parent":0,"menu_order":0,"comment_status":"closed","ping_status":"closed","template":"elementor_header_footer","meta":{"footnotes":""},"class_list":["post-2110","page","type-page","status-publish","hentry"],"_links":{"self":[{"href":"http:\/\/tarexsystem.com\/index.php\/wp-json\/wp\/v2\/pages\/2110","targetHints":{"allow":["GET"]}}],"collection":[{"href":"http:\/\/tarexsystem.com\/index.php\/wp-json\/wp\/v2\/pages"}],"about":[{"href":"http:\/\/tarexsystem.com\/index.php\/wp-json\/wp\/v2\/types\/page"}],"author":[{"embeddable":true,"href":"http:\/\/tarexsystem.com\/index.php\/wp-json\/wp\/v2\/users\/1"}],"replies":[{"embeddable":true,"href":"http:\/\/tarexsystem.com\/index.php\/wp-json\/wp\/v2\/comments?post=2110"}],"version-history":[{"count":0,"href":"http:\/\/tarexsystem.com\/index.php\/wp-json\/wp\/v2\/pages\/2110\/revisions"}],"wp:attachment":[{"href":"http:\/\/tarexsystem.com\/index.php\/wp-json\/wp\/v2\/media?parent=2110"}],"curies":[{"name":"wp","href":"https:\/\/api.w.org\/{rel}","templated":true}]}}